{"id":491,"date":"2021-03-23T08:34:04","date_gmt":"2021-03-23T08:34:04","guid":{"rendered":"http:\/\/aes-kurumsal.bootests.com\/?page_id=491"},"modified":"2021-05-10T21:47:07","modified_gmt":"2021-05-10T21:47:07","slug":"relevant-person-application-form","status":"publish","type":"page","link":"https:\/\/www.aesyacht.com\/en\/clarification-text\/relevant-person-application-form\/","title":{"rendered":"Relevant Person Application Form"},"content":{"rendered":"<p>[vc_row el_class=&#8221;gdpr-section-1&#8243;][vc_column][vc_column_text]<strong>GENERAL INFORMATION<\/strong><\/p>\n<p><span style=\"font-weight: 400;\">According to the Article 11 of the KVKK, personal data owners or their legal representatives (&#8220;Applicant&#8221; or &#8220;Relevant Person&#8221;) defined as the relevant person within the scope of the Personal Data Protection Law No. 6698 (&#8220;KVKK&#8221; or &#8220;Law&#8221;), have the rights of to learn whether the personal data related to them are processed or not, to request them if they have been processed, to request correction of\u00a0 them if the content of the data is incomplete or incorrect, to request deletion and removal of them if they are\u00a0 against the law, to request the notification of these transactions to the third parties to whom the data is transferred and to request compensation for damages due to the illegal processing of the data<\/span><\/p>\n<p><span style=\"font-weight: 400;\">In accordance with the first paragraph of article 13 of the KVKK; applications regarding these rights must be submitted to us, <\/span><b>AES Yat \u0130n\u015faat Turizm \u0130thalat \u0130hracat Sanayi ve Ticaret A.\u015e. (&#8220;AES YAT&#8221;),<\/b><span style=\"font-weight: 400;\"> as the data controller.\u00a0 In accordance with Article 6 of Notification on Application Procedures and Principles to the Data Controller, (&#8220;Notification&#8221;), <\/span><b>depending on the nature of the request, the application will be concluded free of charge as soon as possible and within 30 (thirty) days at the latest, <\/b><span style=\"font-weight: 400;\">However, if the transaction requires an additional cost, a fee may be charged in accordance with the\u00a0 Article 7 of the Notification.<\/span><\/p>\n<p><b>APPLICATION METHOD<\/b><\/p>\n<p><b>Application via Post or in Person: <\/b><span style=\"font-weight: 400;\">With the application form<\/span><b> filled and signed by the applicant and documents showing identity<\/b><span style=\"font-weight: 400;\">, you can apply to Sad\u0131k Sokak No: 11 Tuzla, \u0130stanbul, AES YAT via post or in person.<\/span><\/p>\n<p><b>Application by Registered Electronic Mail (REM): <\/b><span style=\"font-weight: 400;\">You can apply by signing the attached application form with the &#8220;secure electronic signature&#8221; defined in the Electronic Signature Law No. 5070 by the Applicant, and sending it from the applicant&#8217;s REM address to the Data Controller&#8217;s address which is <\/span><span style=\"font-weight: 400;\"><a href=\"mailto:aesyat@hs01.kep.tr\">aesyat@hs01.kep.tr<\/a>.<\/span><\/p>\n<p><b>Application via E-mail: <\/b><span style=\"font-weight: 400;\">The attached application form can be submitted to the address of the Data Controller, <a href=\"mailto:kvkk@aesyacht.com\">kvkk@aesyacht.com<\/a>, from the applicant&#8217;s e-mail address that has been defined and registered by the Applicant in AES Yacht systems.\u00a0<\/span><\/p>\n<table>\n<tbody>\n<tr>\n<td><i><span style=\"font-weight: 400;\">We remind you that if you write &#8220;<\/span><\/i><b><i>Request for Information \/ Amendment within the Scope of the Law on Protection of Personal Data<\/i><\/b><i><span style=\"font-weight: 400;\">&#8221; on the application envelope or in the subject part of the e-mail, you can get a faster response.<\/span><\/i><\/td>\n<\/tr>\n<\/tbody>\n<\/table>\n<p><span style=\"font-weight: 400;\">In addition, applications can be made through a Notary public or by means of legally valid methods that allow authentication. It is recommended to comply with the above-mentioned issues in applications to the extent that the method allows, since it will increase the likelihood of the application to be concluded in a positive and short time.<\/span><\/p>\n<p><a href=\"\/pdf\/Relevant-Person-Application-Form.pdf\" target=\"_blank\" rel=\"noopener\"><strong>APPLICATION FORM<\/strong><\/a>[\/vc_column_text][\/vc_column][\/vc_row]<\/p>\n","protected":false},"excerpt":{"rendered":"<p>[vc_row el_class=&#8221;gdpr-section-1&#8243;][vc_column][vc_column_text]GENERAL INFORMATION According to the Article 11 of the KVKK, personal data owners or their legal representatives (&#8220;Applicant&#8221; or [&hellip;]<\/p>\n","protected":false},"author":7,"featured_media":0,"parent":479,"menu_order":0,"comment_status":"closed","ping_status":"closed","template":"","meta":{"footnotes":""},"class_list":["post-491","page","type-page","status-publish","hentry"],"yoast_head":"<!-- This site is optimized with the Yoast SEO plugin v19.10 - https:\/\/yoast.com\/wordpress\/plugins\/seo\/ -->\n<title>AES Yacht - Relevant Person Application Form<\/title>\n<meta name=\"description\" content=\"According to the Article 11 of the KVKK, personal data owners or their legal representatives (&quot;Applicant&quot; or &quot;Relevant Person&quot;).\" \/>\n<meta name=\"robots\" content=\"index, follow, max-snippet:-1, max-image-preview:large, max-video-preview:-1\" \/>\n<link rel=\"canonical\" href=\"https:\/\/www.aesyacht.com\/en\/clarification-text\/relevant-person-application-form\/\" \/>\n<meta property=\"og:locale\" content=\"en_US\" \/>\n<meta property=\"og:type\" content=\"article\" \/>\n<meta property=\"og:title\" content=\"AES Yacht - Relevant Person Application Form\" \/>\n<meta property=\"og:description\" content=\"According to the Article 11 of the KVKK, personal data owners or their legal representatives (&quot;Applicant&quot; or &quot;Relevant Person&quot;).\" \/>\n<meta property=\"og:url\" content=\"https:\/\/www.aesyacht.com\/en\/clarification-text\/relevant-person-application-form\/\" \/>\n<meta property=\"og:site_name\" content=\"AES Yacht\" \/>\n<meta property=\"article:modified_time\" content=\"2021-05-10T21:47:07+00:00\" \/>\n<meta name=\"twitter:card\" content=\"summary_large_image\" \/>\n<meta name=\"twitter:label1\" content=\"Est. reading time\" \/>\n\t<meta name=\"twitter:data1\" content=\"2 minutes\" \/>\n<script type=\"application\/ld+json\" class=\"yoast-schema-graph\">{\"@context\":\"https:\/\/schema.org\",\"@graph\":[{\"@type\":\"WebPage\",\"@id\":\"https:\/\/www.aesyacht.com\/en\/clarification-text\/relevant-person-application-form\/\",\"url\":\"https:\/\/www.aesyacht.com\/en\/clarification-text\/relevant-person-application-form\/\",\"name\":\"AES Yacht - Relevant Person Application Form\",\"isPartOf\":{\"@id\":\"https:\/\/www.aesyacht.com\/en\/#website\"},\"datePublished\":\"2021-03-23T08:34:04+00:00\",\"dateModified\":\"2021-05-10T21:47:07+00:00\",\"description\":\"According to the Article 11 of the KVKK, personal data owners or their legal representatives (\\\"Applicant\\\" or \\\"Relevant Person\\\").\",\"breadcrumb\":{\"@id\":\"https:\/\/www.aesyacht.com\/en\/clarification-text\/relevant-person-application-form\/#breadcrumb\"},\"inLanguage\":\"en-US\",\"potentialAction\":[{\"@type\":\"ReadAction\",\"target\":[\"https:\/\/www.aesyacht.com\/en\/clarification-text\/relevant-person-application-form\/\"]}]},{\"@type\":\"BreadcrumbList\",\"@id\":\"https:\/\/www.aesyacht.com\/en\/clarification-text\/relevant-person-application-form\/#breadcrumb\",\"itemListElement\":[{\"@type\":\"ListItem\",\"position\":1,\"name\":\"Home\",\"item\":\"https:\/\/www.aesyacht.com\/en\/\"},{\"@type\":\"ListItem\",\"position\":2,\"name\":\"Clarification Text\",\"item\":\"https:\/\/www.aesyacht.com\/en\/clarification-text\/\"},{\"@type\":\"ListItem\",\"position\":3,\"name\":\"Relevant Person Application Form\"}]},{\"@type\":\"WebSite\",\"@id\":\"https:\/\/www.aesyacht.com\/en\/#website\",\"url\":\"https:\/\/www.aesyacht.com\/en\/\",\"name\":\"AES Yacht\",\"description\":\"\",\"publisher\":{\"@id\":\"https:\/\/www.aesyacht.com\/en\/#organization\"},\"potentialAction\":[{\"@type\":\"SearchAction\",\"target\":{\"@type\":\"EntryPoint\",\"urlTemplate\":\"https:\/\/www.aesyacht.com\/en\/?s={search_term_string}\"},\"query-input\":\"required name=search_term_string\"}],\"inLanguage\":\"en-US\"},{\"@type\":\"Organization\",\"@id\":\"https:\/\/www.aesyacht.com\/en\/#organization\",\"name\":\"AES Yacht\",\"url\":\"https:\/\/www.aesyacht.com\/en\/\",\"logo\":{\"@type\":\"ImageObject\",\"inLanguage\":\"en-US\",\"@id\":\"https:\/\/www.aesyacht.com\/en\/#\/schema\/logo\/image\/\",\"url\":\"https:\/\/www.aesyacht.com\/wp-content\/uploads\/cropped-favicon.png\",\"contentUrl\":\"https:\/\/www.aesyacht.com\/wp-content\/uploads\/cropped-favicon.png\",\"width\":512,\"height\":512,\"caption\":\"AES Yacht\"},\"image\":{\"@id\":\"https:\/\/www.aesyacht.com\/en\/#\/schema\/logo\/image\/\"}}]}<\/script>\n<!-- \/ Yoast SEO plugin. -->","yoast_head_json":{"title":"AES Yacht - Relevant Person Application Form","description":"According to the Article 11 of the KVKK, personal data owners or their legal representatives (\"Applicant\" or \"Relevant Person\").","robots":{"index":"index","follow":"follow","max-snippet":"max-snippet:-1","max-image-preview":"max-image-preview:large","max-video-preview":"max-video-preview:-1"},"canonical":"https:\/\/www.aesyacht.com\/en\/clarification-text\/relevant-person-application-form\/","og_locale":"en_US","og_type":"article","og_title":"AES Yacht - Relevant Person Application Form","og_description":"According to the Article 11 of the KVKK, personal data owners or their legal representatives (\"Applicant\" or \"Relevant Person\").","og_url":"https:\/\/www.aesyacht.com\/en\/clarification-text\/relevant-person-application-form\/","og_site_name":"AES Yacht","article_modified_time":"2021-05-10T21:47:07+00:00","twitter_card":"summary_large_image","twitter_misc":{"Est. reading time":"2 minutes"},"schema":{"@context":"https:\/\/schema.org","@graph":[{"@type":"WebPage","@id":"https:\/\/www.aesyacht.com\/en\/clarification-text\/relevant-person-application-form\/","url":"https:\/\/www.aesyacht.com\/en\/clarification-text\/relevant-person-application-form\/","name":"AES Yacht - Relevant Person Application Form","isPartOf":{"@id":"https:\/\/www.aesyacht.com\/en\/#website"},"datePublished":"2021-03-23T08:34:04+00:00","dateModified":"2021-05-10T21:47:07+00:00","description":"According to the Article 11 of the KVKK, personal data owners or their legal representatives (\"Applicant\" or \"Relevant Person\").","breadcrumb":{"@id":"https:\/\/www.aesyacht.com\/en\/clarification-text\/relevant-person-application-form\/#breadcrumb"},"inLanguage":"en-US","potentialAction":[{"@type":"ReadAction","target":["https:\/\/www.aesyacht.com\/en\/clarification-text\/relevant-person-application-form\/"]}]},{"@type":"BreadcrumbList","@id":"https:\/\/www.aesyacht.com\/en\/clarification-text\/relevant-person-application-form\/#breadcrumb","itemListElement":[{"@type":"ListItem","position":1,"name":"Home","item":"https:\/\/www.aesyacht.com\/en\/"},{"@type":"ListItem","position":2,"name":"Clarification Text","item":"https:\/\/www.aesyacht.com\/en\/clarification-text\/"},{"@type":"ListItem","position":3,"name":"Relevant Person Application Form"}]},{"@type":"WebSite","@id":"https:\/\/www.aesyacht.com\/en\/#website","url":"https:\/\/www.aesyacht.com\/en\/","name":"AES Yacht","description":"","publisher":{"@id":"https:\/\/www.aesyacht.com\/en\/#organization"},"potentialAction":[{"@type":"SearchAction","target":{"@type":"EntryPoint","urlTemplate":"https:\/\/www.aesyacht.com\/en\/?s={search_term_string}"},"query-input":"required name=search_term_string"}],"inLanguage":"en-US"},{"@type":"Organization","@id":"https:\/\/www.aesyacht.com\/en\/#organization","name":"AES Yacht","url":"https:\/\/www.aesyacht.com\/en\/","logo":{"@type":"ImageObject","inLanguage":"en-US","@id":"https:\/\/www.aesyacht.com\/en\/#\/schema\/logo\/image\/","url":"https:\/\/www.aesyacht.com\/wp-content\/uploads\/cropped-favicon.png","contentUrl":"https:\/\/www.aesyacht.com\/wp-content\/uploads\/cropped-favicon.png","width":512,"height":512,"caption":"AES Yacht"},"image":{"@id":"https:\/\/www.aesyacht.com\/en\/#\/schema\/logo\/image\/"}}]}},"_links":{"self":[{"href":"https:\/\/www.aesyacht.com\/en\/wp-json\/wp\/v2\/pages\/491","targetHints":{"allow":["GET"]}}],"collection":[{"href":"https:\/\/www.aesyacht.com\/en\/wp-json\/wp\/v2\/pages"}],"about":[{"href":"https:\/\/www.aesyacht.com\/en\/wp-json\/wp\/v2\/types\/page"}],"author":[{"embeddable":true,"href":"https:\/\/www.aesyacht.com\/en\/wp-json\/wp\/v2\/users\/7"}],"replies":[{"embeddable":true,"href":"https:\/\/www.aesyacht.com\/en\/wp-json\/wp\/v2\/comments?post=491"}],"version-history":[{"count":15,"href":"https:\/\/www.aesyacht.com\/en\/wp-json\/wp\/v2\/pages\/491\/revisions"}],"predecessor-version":[{"id":1299,"href":"https:\/\/www.aesyacht.com\/en\/wp-json\/wp\/v2\/pages\/491\/revisions\/1299"}],"up":[{"embeddable":true,"href":"https:\/\/www.aesyacht.com\/en\/wp-json\/wp\/v2\/pages\/479"}],"wp:attachment":[{"href":"https:\/\/www.aesyacht.com\/en\/wp-json\/wp\/v2\/media?parent=491"}],"curies":[{"name":"wp","href":"https:\/\/api.w.org\/{rel}","templated":true}]}}