{"id":479,"date":"2021-03-23T08:06:24","date_gmt":"2021-03-23T08:06:24","guid":{"rendered":"http:\/\/aes-kurumsal.bootests.com\/?page_id=479"},"modified":"2021-05-10T21:44:46","modified_gmt":"2021-05-10T21:44:46","slug":"clarification-text","status":"publish","type":"page","link":"https:\/\/www.aesyacht.com\/en\/clarification-text\/","title":{"rendered":"Clarification Text"},"content":{"rendered":"<p>[vc_row css_animation=&#8221;fadeIn&#8221;][vc_column][vc_column_text]In accordance with Article 10 named \u201cClarification Obligation of the Data Controller\u201d of the Law on the Protection of Personal Data No.6698 (&#8220;KVKK&#8221;), which aims to protect the fundamental rights and freedoms of individuals, especially the privacy of private life in the processing of personal data and in accordance with the Notification on the Procedures and Principles for Fulfilling the Clarification Obligation, with this Clarification Text, we aim to inform you about your personal data processed by AES Yat \u0130n\u015faat Turizm \u0130thalat \u0130hracat Sanayi ve Ticaret A.\u015e. (&#8220;AES YAT&#8221; or &#8220;Company&#8221;),<\/p>\n<p>Detailed information about personal data processed through cookies is included in the &#8220;<a href=\"\/cookie-policy\/\" target=\"_blank\" rel=\"noopener\">Information Text about Cookies<\/a>&#8221; on the website<\/p>\n<p>Processed information regarding the personal data of our employees and interns is made during recruitment, on boards at the workplace and via <a href=\"mailto:kvkk@aesyacht.com\">e-mail<\/a>.[\/vc_column_text][vc_btn title=&#8221;Clarification Text on the Protection of Personal Data For Employee Candidates&#8221; link=&#8221;url:%2Fclarification-text%2Fclarification-text-on-the-protection-of-personal-data-for-employee-candidates%2F|target:_blank&#8221; el_class=&#8221;gdpr-button&#8221;][vc_btn title=&#8221;Relevant Person Application Form&#8221; link=&#8221;url:%2Fen%2Fclarification-text%2Frelevant-person-application-form%2F|target:_blank&#8221; el_class=&#8221;gdpr-button&#8221;][vc_btn title=&#8221;Clarification Text on Protection of Personal Data For AES Yat Visitors&#8221; link=&#8221;url:%2Fclarification-text%2Fclarification-text-on-protection-of-personal-data-for-aes-yat-visitors%2F|target:_blank&#8221; el_class=&#8221;gdpr-button&#8221;][vc_btn title=&#8221;Clarfication Text on the Protection of Personal Data For Intern Candidates&#8221; link=&#8221;url:%2Fclarification-text%2Fclarfication-text-on-the-protection-of-personal-data-for-intern-candidates%2F|target:_blank&#8221; el_class=&#8221;gdpr-button&#8221;][vc_btn title=&#8221;Customer Clarification Text&#8221; link=&#8221;url:%2Fclarification-text%2Fcustomer-clarification-text%2F|target:_blank&#8221; el_class=&#8221;gdpr-button&#8221;][\/vc_column][\/vc_row]<\/p>\n","protected":false},"excerpt":{"rendered":"<p>[vc_row css_animation=&#8221;fadeIn&#8221;][vc_column][vc_column_text]In accordance with Article 10 named \u201cClarification Obligation of the Data Controller\u201d of the Law on the Protection of [&hellip;]<\/p>\n","protected":false},"author":7,"featured_media":0,"parent":0,"menu_order":0,"comment_status":"closed","ping_status":"closed","template":"","meta":{"footnotes":""},"class_list":["post-479","page","type-page","status-publish","hentry"],"yoast_head":"<!-- This site is optimized with the Yoast SEO plugin v19.10 - https:\/\/yoast.com\/wordpress\/plugins\/seo\/ -->\n<title>AES Yacht - Clarification Text<\/title>\n<meta name=\"description\" content=\"In accordance with Article 10 named \u201cClarification Obligation of the Data Controller\u201d of the Law on the Protection of Personal Data.\" \/>\n<meta name=\"robots\" content=\"index, follow, max-snippet:-1, max-image-preview:large, max-video-preview:-1\" \/>\n<link rel=\"canonical\" href=\"https:\/\/www.aesyacht.com\/en\/clarification-text\/\" \/>\n<meta property=\"og:locale\" content=\"en_US\" \/>\n<meta property=\"og:type\" content=\"article\" \/>\n<meta property=\"og:title\" content=\"AES Yacht - Clarification Text\" \/>\n<meta property=\"og:description\" content=\"In accordance with Article 10 named \u201cClarification Obligation of the Data Controller\u201d of the Law on the Protection of Personal Data.\" \/>\n<meta property=\"og:url\" content=\"https:\/\/www.aesyacht.com\/en\/clarification-text\/\" \/>\n<meta property=\"og:site_name\" content=\"AES Yacht\" \/>\n<meta property=\"article:modified_time\" content=\"2021-05-10T21:44:46+00:00\" \/>\n<meta name=\"twitter:card\" content=\"summary_large_image\" \/>\n<meta name=\"twitter:label1\" content=\"Est. reading time\" \/>\n\t<meta name=\"twitter:data1\" content=\"1 minute\" \/>\n<script type=\"application\/ld+json\" class=\"yoast-schema-graph\">{\"@context\":\"https:\/\/schema.org\",\"@graph\":[{\"@type\":\"WebPage\",\"@id\":\"https:\/\/www.aesyacht.com\/en\/clarification-text\/\",\"url\":\"https:\/\/www.aesyacht.com\/en\/clarification-text\/\",\"name\":\"AES Yacht - Clarification Text\",\"isPartOf\":{\"@id\":\"https:\/\/www.aesyacht.com\/en\/#website\"},\"datePublished\":\"2021-03-23T08:06:24+00:00\",\"dateModified\":\"2021-05-10T21:44:46+00:00\",\"description\":\"In accordance with Article 10 named \u201cClarification Obligation of the Data Controller\u201d of the Law on the Protection of Personal Data.\",\"breadcrumb\":{\"@id\":\"https:\/\/www.aesyacht.com\/en\/clarification-text\/#breadcrumb\"},\"inLanguage\":\"en-US\",\"potentialAction\":[{\"@type\":\"ReadAction\",\"target\":[\"https:\/\/www.aesyacht.com\/en\/clarification-text\/\"]}]},{\"@type\":\"BreadcrumbList\",\"@id\":\"https:\/\/www.aesyacht.com\/en\/clarification-text\/#breadcrumb\",\"itemListElement\":[{\"@type\":\"ListItem\",\"position\":1,\"name\":\"Home\",\"item\":\"https:\/\/www.aesyacht.com\/en\/\"},{\"@type\":\"ListItem\",\"position\":2,\"name\":\"Clarification Text\"}]},{\"@type\":\"WebSite\",\"@id\":\"https:\/\/www.aesyacht.com\/en\/#website\",\"url\":\"https:\/\/www.aesyacht.com\/en\/\",\"name\":\"AES Yacht\",\"description\":\"\",\"publisher\":{\"@id\":\"https:\/\/www.aesyacht.com\/en\/#organization\"},\"potentialAction\":[{\"@type\":\"SearchAction\",\"target\":{\"@type\":\"EntryPoint\",\"urlTemplate\":\"https:\/\/www.aesyacht.com\/en\/?s={search_term_string}\"},\"query-input\":\"required name=search_term_string\"}],\"inLanguage\":\"en-US\"},{\"@type\":\"Organization\",\"@id\":\"https:\/\/www.aesyacht.com\/en\/#organization\",\"name\":\"AES Yacht\",\"url\":\"https:\/\/www.aesyacht.com\/en\/\",\"logo\":{\"@type\":\"ImageObject\",\"inLanguage\":\"en-US\",\"@id\":\"https:\/\/www.aesyacht.com\/en\/#\/schema\/logo\/image\/\",\"url\":\"https:\/\/www.aesyacht.com\/wp-content\/uploads\/cropped-favicon.png\",\"contentUrl\":\"https:\/\/www.aesyacht.com\/wp-content\/uploads\/cropped-favicon.png\",\"width\":512,\"height\":512,\"caption\":\"AES Yacht\"},\"image\":{\"@id\":\"https:\/\/www.aesyacht.com\/en\/#\/schema\/logo\/image\/\"}}]}<\/script>\n<!-- \/ Yoast SEO plugin. -->","yoast_head_json":{"title":"AES Yacht - Clarification Text","description":"In accordance with Article 10 named \u201cClarification Obligation of the Data Controller\u201d of the Law on the Protection of Personal Data.","robots":{"index":"index","follow":"follow","max-snippet":"max-snippet:-1","max-image-preview":"max-image-preview:large","max-video-preview":"max-video-preview:-1"},"canonical":"https:\/\/www.aesyacht.com\/en\/clarification-text\/","og_locale":"en_US","og_type":"article","og_title":"AES Yacht - Clarification Text","og_description":"In accordance with Article 10 named \u201cClarification Obligation of the Data Controller\u201d of the Law on the Protection of Personal Data.","og_url":"https:\/\/www.aesyacht.com\/en\/clarification-text\/","og_site_name":"AES Yacht","article_modified_time":"2021-05-10T21:44:46+00:00","twitter_card":"summary_large_image","twitter_misc":{"Est. reading time":"1 minute"},"schema":{"@context":"https:\/\/schema.org","@graph":[{"@type":"WebPage","@id":"https:\/\/www.aesyacht.com\/en\/clarification-text\/","url":"https:\/\/www.aesyacht.com\/en\/clarification-text\/","name":"AES Yacht - Clarification Text","isPartOf":{"@id":"https:\/\/www.aesyacht.com\/en\/#website"},"datePublished":"2021-03-23T08:06:24+00:00","dateModified":"2021-05-10T21:44:46+00:00","description":"In accordance with Article 10 named \u201cClarification Obligation of the Data Controller\u201d of the Law on the Protection of Personal Data.","breadcrumb":{"@id":"https:\/\/www.aesyacht.com\/en\/clarification-text\/#breadcrumb"},"inLanguage":"en-US","potentialAction":[{"@type":"ReadAction","target":["https:\/\/www.aesyacht.com\/en\/clarification-text\/"]}]},{"@type":"BreadcrumbList","@id":"https:\/\/www.aesyacht.com\/en\/clarification-text\/#breadcrumb","itemListElement":[{"@type":"ListItem","position":1,"name":"Home","item":"https:\/\/www.aesyacht.com\/en\/"},{"@type":"ListItem","position":2,"name":"Clarification Text"}]},{"@type":"WebSite","@id":"https:\/\/www.aesyacht.com\/en\/#website","url":"https:\/\/www.aesyacht.com\/en\/","name":"AES Yacht","description":"","publisher":{"@id":"https:\/\/www.aesyacht.com\/en\/#organization"},"potentialAction":[{"@type":"SearchAction","target":{"@type":"EntryPoint","urlTemplate":"https:\/\/www.aesyacht.com\/en\/?s={search_term_string}"},"query-input":"required name=search_term_string"}],"inLanguage":"en-US"},{"@type":"Organization","@id":"https:\/\/www.aesyacht.com\/en\/#organization","name":"AES Yacht","url":"https:\/\/www.aesyacht.com\/en\/","logo":{"@type":"ImageObject","inLanguage":"en-US","@id":"https:\/\/www.aesyacht.com\/en\/#\/schema\/logo\/image\/","url":"https:\/\/www.aesyacht.com\/wp-content\/uploads\/cropped-favicon.png","contentUrl":"https:\/\/www.aesyacht.com\/wp-content\/uploads\/cropped-favicon.png","width":512,"height":512,"caption":"AES Yacht"},"image":{"@id":"https:\/\/www.aesyacht.com\/en\/#\/schema\/logo\/image\/"}}]}},"_links":{"self":[{"href":"https:\/\/www.aesyacht.com\/en\/wp-json\/wp\/v2\/pages\/479","targetHints":{"allow":["GET"]}}],"collection":[{"href":"https:\/\/www.aesyacht.com\/en\/wp-json\/wp\/v2\/pages"}],"about":[{"href":"https:\/\/www.aesyacht.com\/en\/wp-json\/wp\/v2\/types\/page"}],"author":[{"embeddable":true,"href":"https:\/\/www.aesyacht.com\/en\/wp-json\/wp\/v2\/users\/7"}],"replies":[{"embeddable":true,"href":"https:\/\/www.aesyacht.com\/en\/wp-json\/wp\/v2\/comments?post=479"}],"version-history":[{"count":16,"href":"https:\/\/www.aesyacht.com\/en\/wp-json\/wp\/v2\/pages\/479\/revisions"}],"predecessor-version":[{"id":1298,"href":"https:\/\/www.aesyacht.com\/en\/wp-json\/wp\/v2\/pages\/479\/revisions\/1298"}],"wp:attachment":[{"href":"https:\/\/www.aesyacht.com\/en\/wp-json\/wp\/v2\/media?parent=479"}],"curies":[{"name":"wp","href":"https:\/\/api.w.org\/{rel}","templated":true}]}}