{"id":1279,"date":"2021-04-08T07:15:51","date_gmt":"2021-04-08T07:15:51","guid":{"rendered":"http:\/\/aes-kurumsal.bootests.com\/?page_id=1279"},"modified":"2021-05-10T21:44:55","modified_gmt":"2021-05-10T21:44:55","slug":"clarfication-text-on-the-protection-of-personal-data-for-intern-candidates","status":"publish","type":"page","link":"https:\/\/www.aesyacht.com\/en\/clarification-text\/clarfication-text-on-the-protection-of-personal-data-for-intern-candidates\/","title":{"rendered":"Clarfication Text on the Protection of Personal Data For Intern Candidates"},"content":{"rendered":"<p>[vc_row el_class=&#8221;gdpr-section-1&#8243;][vc_column][vc_column_text]In accordance with Article 10 of the Law on the Protection of Personal Data No.6698 (&#8220;KVKK&#8221;), which aims to protect the fundamental rights and freedoms of individuals, especially the privacy of private life in the processing of personal data, and in accordance with\u00a0 the Notification on the Procedures and Principles for Fulfilling the Clarification Obligation, with this Clarification Text, we aim to inform you about your personal data processed by <b>AES Yat \u0130n\u015faat Turizm \u0130thalat \u0130hracat Sanayi ve Ticaret A.\u015e. (&#8220;AES YAT&#8221; or &#8220;Company&#8221;)<\/b><\/p>\n<p><b>1. IDENTITY OF THE DATA CONTROLLER<\/b><\/p>\n<p>Within the scope of your job application for AES YAT, through your CV or Job Application Form that you submitted, we have the title of &#8220;Data Controller&#8221; in accordance with the KVKK and related regulations in terms of personal data collected from our employee candidates.\u00a0 You can reach us via the contact information given below.<\/p>\n<p><b>Address<\/b> <b>: <\/b>Postane Mah. Sad\u0131k Sokak No:11 Tuzla &#8211; \u0130STANBUL<\/p>\n<p><b>Phone<\/b> <b>: <\/b>+90216 494 47 37<\/p>\n<p><b>2. PROCESSED PERSONAL DATA<\/b><\/p>\n<p>Within the scope of your relationship with AES YAT, your personal data in the following categories can be processed:<\/p>\n<div style=\"overflow-x: auto;\">\n<table>\n<tbody>\n<tr>\n<td><b>Data Category<\/b><\/td>\n<td><b>Processed Data\u00a0<\/b><\/td>\n<td><b>Collection Method<\/b><\/td>\n<td><b>Legal Reason<\/b><\/td>\n<\/tr>\n<tr>\n<td><b>Identity<\/b><\/p>\n<p><b>Information<\/b><\/td>\n<td>Name surname, date of birth,<\/td>\n<td rowspan=\"4\">CV or sent emails by person<\/td>\n<td rowspan=\"4\">It is processed on the basis of KVKK art.5 \/ 2 (c) Establishment or execution of a contract, and KVKK art .5\/2 (f)\u00a0 legitimate interest of our company legal reason.<\/td>\n<\/tr>\n<tr>\n<td><b>Contact Information<\/b><\/td>\n<td>e-mail address, mobile phone number<\/td>\n<\/tr>\n<tr>\n<td><b>Personal Information<\/b><\/td>\n<td>CV information, photograph,<\/td>\n<\/tr>\n<tr>\n<td><b>Work Experience Information<\/b><\/td>\n<td>Student certificate, Documents received from school<\/td>\n<\/tr>\n<\/tbody>\n<\/table>\n<\/div>\n<p>&nbsp;<\/p>\n<p>In case of an evaluation or negative result of your application, your personal data will be kept by AES YAT for 1 year in order to re-evaluate your application for similar positions. If you request otherwise, your personal data will be deleted upon completion of the application process.<\/p>\n<p><b>3. PURPOSE OF PROCESSING PERSONAL DATA<\/b><\/p>\n<p>Your personal data collected within the scope of your relationship with AES YAT can be processed for the following purposes;<\/p>\n<ul>\n<li>Evaluation of application processes,<\/li>\n<li>Sending job application form and invitations by e-mail,<\/li>\n<li>Carrying out job interviews,<\/li>\n<li>Organizing the necessary tests, personality inventory and exams within the scope of the conformity assessment,<\/li>\n<li>To contact the references sent to our company and performing relevant reference checks,<\/li>\n<li>Evaluating the potential vacancies in the future\u00a0 suitable for you and to contact<\/li>\n<\/ul>\n<p><b>4. TRANSFER OF PROCESSED PERSONAL DATA<\/b><\/p>\n<p>Within the scope of the provisions of the KVKK regarding the transfer of personal data, your personal data are not transferred to anyone outside the Company.<\/p>\n<p><b>5. RIGHTS OF THE RELATED PERSON WHOSE PERSONAL DATA IS PROCESSED<\/b><\/p>\n<p>In accordance with the provisions of article 11 of the KVKK, you have the following rights regarding your personal data:<\/p>\n<ul>\n<li>\u00a0to learn whether your personal data has been processed or not,<\/li>\n<li>if your personal data has been processed, to request information regarding this process,<\/li>\n<li>\u00a0to learn the purpose of processing your personal data and whether they have been used appropriately for their purpose or not,<\/li>\n<li>\u00a0to know\u00a0 the third parties to whom your personal data has been transferred domestically or abroad,<\/li>\n<li>\u00a0to request correction of your personal data in case of incomplete or incorrect processing,<\/li>\n<li>\u00a0to request deletion or removal of your personal data in case the reasons requiring its processing are eliminated,<\/li>\n<li>\u00a0in case your personal data has been corrected, deleted or removed, to request that these transactions be notified to third parties to whom your personal data has been transferred,<\/li>\n<li>\u00a0object to the occurrence of a result against you by analyzing the processed data exclusively through automated systems,<\/li>\n<li>\u00a0request compensation in case of any damage due to your personal data has been processed illegally.<\/li>\n<\/ul>\n<p><b>6. IF YOU WANT TO CONTACT US FOR YOUR REQUESTS<\/b><\/p>\n<p>In accordance with your legal rights under the KVKK, you can send your requests to Postane Mah. Sad\u0131k Sokak No: 11 Tuzla, \u0130stanbul, by indicating recipient as &#8220;AES YAT KVKK&#8221;. In addition, you can also submit your request by means of <a href=\"mailto:aesyat@hs01.kep.tr\">aesyat@hs01.kep.tr<\/a>\u00a0 by using the registered electronic mail (REM) address in accordance with the &#8221; Notification on Application Procedures and Principles to the Data Controller&#8221;. Also, you can send your request by means of\u00a0 <a href=\"mailto:kvkk@aesyacht.com\">kvkk@aesyacht.com<\/a> by using secure electronic signature, mobile signature or the electronic mail address you have previously notified to our Company and registered in our systems.<\/p>\n<p>You can find the sample application form we have prepared to assist your application via <a href=\"\/pdf\/Relevant-Person-Application-Form.pdf\" target=\"_blank\" rel=\"noopener\">the form<\/a> Apart from the application form, we would like to state that applications made in accordance with the conditions specified in the Notification on Application Procedures and Principles to the Data Controller will also be evaluated. Applications to be made will be concluded as soon as possible and within 30 days at the latest, depending on the nature of the request.[\/vc_column_text][\/vc_column][\/vc_row]<\/p>\n","protected":false},"excerpt":{"rendered":"<p>[vc_row el_class=&#8221;gdpr-section-1&#8243;][vc_column][vc_column_text]In accordance with Article 10 of the Law on the Protection of Personal Data No.6698 (&#8220;KVKK&#8221;), which aims to [&hellip;]<\/p>\n","protected":false},"author":7,"featured_media":0,"parent":479,"menu_order":0,"comment_status":"closed","ping_status":"closed","template":"","meta":{"footnotes":""},"class_list":["post-1279","page","type-page","status-publish","hentry"],"yoast_head":"<!-- This site is optimized with the Yoast SEO plugin v19.10 - https:\/\/yoast.com\/wordpress\/plugins\/seo\/ -->\n<title>AES Yacht - Clarfication Text on the Protection of Personal Data For Intern Candidates<\/title>\n<meta name=\"description\" content=\"In accordance with Article 10 of the Law on the Protection of Personal Data No.6698 (&quot;KVKK&quot;), which aims to protect the fundamental rights.\" \/>\n<meta name=\"robots\" content=\"index, follow, max-snippet:-1, max-image-preview:large, max-video-preview:-1\" \/>\n<link rel=\"canonical\" href=\"https:\/\/www.aesyacht.com\/en\/clarification-text\/clarfication-text-on-the-protection-of-personal-data-for-intern-candidates\/\" \/>\n<meta property=\"og:locale\" content=\"en_US\" \/>\n<meta property=\"og:type\" content=\"article\" \/>\n<meta property=\"og:title\" content=\"AES Yacht - Clarfication Text on the Protection of Personal Data For Intern Candidates\" \/>\n<meta property=\"og:description\" content=\"In accordance with Article 10 of the Law on the Protection of Personal Data No.6698 (&quot;KVKK&quot;), which aims to protect the fundamental rights.\" \/>\n<meta property=\"og:url\" content=\"https:\/\/www.aesyacht.com\/en\/clarification-text\/clarfication-text-on-the-protection-of-personal-data-for-intern-candidates\/\" \/>\n<meta property=\"og:site_name\" content=\"AES Yacht\" \/>\n<meta property=\"article:modified_time\" content=\"2021-05-10T21:44:55+00:00\" \/>\n<meta name=\"twitter:card\" content=\"summary_large_image\" \/>\n<meta name=\"twitter:label1\" content=\"Est. reading time\" \/>\n\t<meta name=\"twitter:data1\" content=\"4 minutes\" \/>\n<script type=\"application\/ld+json\" class=\"yoast-schema-graph\">{\"@context\":\"https:\/\/schema.org\",\"@graph\":[{\"@type\":\"WebPage\",\"@id\":\"https:\/\/www.aesyacht.com\/en\/clarification-text\/clarfication-text-on-the-protection-of-personal-data-for-intern-candidates\/\",\"url\":\"https:\/\/www.aesyacht.com\/en\/clarification-text\/clarfication-text-on-the-protection-of-personal-data-for-intern-candidates\/\",\"name\":\"AES Yacht - Clarfication Text on the Protection of Personal Data For Intern Candidates\",\"isPartOf\":{\"@id\":\"https:\/\/www.aesyacht.com\/en\/#website\"},\"datePublished\":\"2021-04-08T07:15:51+00:00\",\"dateModified\":\"2021-05-10T21:44:55+00:00\",\"description\":\"In accordance with Article 10 of the Law on the Protection of Personal Data No.6698 (\\\"KVKK\\\"), which aims to protect the fundamental rights.\",\"breadcrumb\":{\"@id\":\"https:\/\/www.aesyacht.com\/en\/clarification-text\/clarfication-text-on-the-protection-of-personal-data-for-intern-candidates\/#breadcrumb\"},\"inLanguage\":\"en-US\",\"potentialAction\":[{\"@type\":\"ReadAction\",\"target\":[\"https:\/\/www.aesyacht.com\/en\/clarification-text\/clarfication-text-on-the-protection-of-personal-data-for-intern-candidates\/\"]}]},{\"@type\":\"BreadcrumbList\",\"@id\":\"https:\/\/www.aesyacht.com\/en\/clarification-text\/clarfication-text-on-the-protection-of-personal-data-for-intern-candidates\/#breadcrumb\",\"itemListElement\":[{\"@type\":\"ListItem\",\"position\":1,\"name\":\"Home\",\"item\":\"https:\/\/www.aesyacht.com\/en\/\"},{\"@type\":\"ListItem\",\"position\":2,\"name\":\"Clarification Text\",\"item\":\"https:\/\/www.aesyacht.com\/en\/clarification-text\/\"},{\"@type\":\"ListItem\",\"position\":3,\"name\":\"Clarfication Text on the Protection of Personal Data For Intern Candidates\"}]},{\"@type\":\"WebSite\",\"@id\":\"https:\/\/www.aesyacht.com\/en\/#website\",\"url\":\"https:\/\/www.aesyacht.com\/en\/\",\"name\":\"AES Yacht\",\"description\":\"\",\"publisher\":{\"@id\":\"https:\/\/www.aesyacht.com\/en\/#organization\"},\"potentialAction\":[{\"@type\":\"SearchAction\",\"target\":{\"@type\":\"EntryPoint\",\"urlTemplate\":\"https:\/\/www.aesyacht.com\/en\/?s={search_term_string}\"},\"query-input\":\"required name=search_term_string\"}],\"inLanguage\":\"en-US\"},{\"@type\":\"Organization\",\"@id\":\"https:\/\/www.aesyacht.com\/en\/#organization\",\"name\":\"AES Yacht\",\"url\":\"https:\/\/www.aesyacht.com\/en\/\",\"logo\":{\"@type\":\"ImageObject\",\"inLanguage\":\"en-US\",\"@id\":\"https:\/\/www.aesyacht.com\/en\/#\/schema\/logo\/image\/\",\"url\":\"https:\/\/www.aesyacht.com\/wp-content\/uploads\/cropped-favicon.png\",\"contentUrl\":\"https:\/\/www.aesyacht.com\/wp-content\/uploads\/cropped-favicon.png\",\"width\":512,\"height\":512,\"caption\":\"AES Yacht\"},\"image\":{\"@id\":\"https:\/\/www.aesyacht.com\/en\/#\/schema\/logo\/image\/\"}}]}<\/script>\n<!-- \/ Yoast SEO plugin. -->","yoast_head_json":{"title":"AES Yacht - Clarfication Text on the Protection of Personal Data For Intern Candidates","description":"In accordance with Article 10 of the Law on the Protection of Personal Data No.6698 (\"KVKK\"), which aims to protect the fundamental rights.","robots":{"index":"index","follow":"follow","max-snippet":"max-snippet:-1","max-image-preview":"max-image-preview:large","max-video-preview":"max-video-preview:-1"},"canonical":"https:\/\/www.aesyacht.com\/en\/clarification-text\/clarfication-text-on-the-protection-of-personal-data-for-intern-candidates\/","og_locale":"en_US","og_type":"article","og_title":"AES Yacht - Clarfication Text on the Protection of Personal Data For Intern Candidates","og_description":"In accordance with Article 10 of the Law on the Protection of Personal Data No.6698 (\"KVKK\"), which aims to protect the fundamental rights.","og_url":"https:\/\/www.aesyacht.com\/en\/clarification-text\/clarfication-text-on-the-protection-of-personal-data-for-intern-candidates\/","og_site_name":"AES Yacht","article_modified_time":"2021-05-10T21:44:55+00:00","twitter_card":"summary_large_image","twitter_misc":{"Est. reading time":"4 minutes"},"schema":{"@context":"https:\/\/schema.org","@graph":[{"@type":"WebPage","@id":"https:\/\/www.aesyacht.com\/en\/clarification-text\/clarfication-text-on-the-protection-of-personal-data-for-intern-candidates\/","url":"https:\/\/www.aesyacht.com\/en\/clarification-text\/clarfication-text-on-the-protection-of-personal-data-for-intern-candidates\/","name":"AES Yacht - Clarfication Text on the Protection of Personal Data For Intern Candidates","isPartOf":{"@id":"https:\/\/www.aesyacht.com\/en\/#website"},"datePublished":"2021-04-08T07:15:51+00:00","dateModified":"2021-05-10T21:44:55+00:00","description":"In accordance with Article 10 of the Law on the Protection of Personal Data No.6698 (\"KVKK\"), which aims to protect the fundamental rights.","breadcrumb":{"@id":"https:\/\/www.aesyacht.com\/en\/clarification-text\/clarfication-text-on-the-protection-of-personal-data-for-intern-candidates\/#breadcrumb"},"inLanguage":"en-US","potentialAction":[{"@type":"ReadAction","target":["https:\/\/www.aesyacht.com\/en\/clarification-text\/clarfication-text-on-the-protection-of-personal-data-for-intern-candidates\/"]}]},{"@type":"BreadcrumbList","@id":"https:\/\/www.aesyacht.com\/en\/clarification-text\/clarfication-text-on-the-protection-of-personal-data-for-intern-candidates\/#breadcrumb","itemListElement":[{"@type":"ListItem","position":1,"name":"Home","item":"https:\/\/www.aesyacht.com\/en\/"},{"@type":"ListItem","position":2,"name":"Clarification Text","item":"https:\/\/www.aesyacht.com\/en\/clarification-text\/"},{"@type":"ListItem","position":3,"name":"Clarfication Text on the Protection of Personal Data For Intern Candidates"}]},{"@type":"WebSite","@id":"https:\/\/www.aesyacht.com\/en\/#website","url":"https:\/\/www.aesyacht.com\/en\/","name":"AES Yacht","description":"","publisher":{"@id":"https:\/\/www.aesyacht.com\/en\/#organization"},"potentialAction":[{"@type":"SearchAction","target":{"@type":"EntryPoint","urlTemplate":"https:\/\/www.aesyacht.com\/en\/?s={search_term_string}"},"query-input":"required name=search_term_string"}],"inLanguage":"en-US"},{"@type":"Organization","@id":"https:\/\/www.aesyacht.com\/en\/#organization","name":"AES Yacht","url":"https:\/\/www.aesyacht.com\/en\/","logo":{"@type":"ImageObject","inLanguage":"en-US","@id":"https:\/\/www.aesyacht.com\/en\/#\/schema\/logo\/image\/","url":"https:\/\/www.aesyacht.com\/wp-content\/uploads\/cropped-favicon.png","contentUrl":"https:\/\/www.aesyacht.com\/wp-content\/uploads\/cropped-favicon.png","width":512,"height":512,"caption":"AES Yacht"},"image":{"@id":"https:\/\/www.aesyacht.com\/en\/#\/schema\/logo\/image\/"}}]}},"_links":{"self":[{"href":"https:\/\/www.aesyacht.com\/en\/wp-json\/wp\/v2\/pages\/1279","targetHints":{"allow":["GET"]}}],"collection":[{"href":"https:\/\/www.aesyacht.com\/en\/wp-json\/wp\/v2\/pages"}],"about":[{"href":"https:\/\/www.aesyacht.com\/en\/wp-json\/wp\/v2\/types\/page"}],"author":[{"embeddable":true,"href":"https:\/\/www.aesyacht.com\/en\/wp-json\/wp\/v2\/users\/7"}],"replies":[{"embeddable":true,"href":"https:\/\/www.aesyacht.com\/en\/wp-json\/wp\/v2\/comments?post=1279"}],"version-history":[{"count":5,"href":"https:\/\/www.aesyacht.com\/en\/wp-json\/wp\/v2\/pages\/1279\/revisions"}],"predecessor-version":[{"id":1598,"href":"https:\/\/www.aesyacht.com\/en\/wp-json\/wp\/v2\/pages\/1279\/revisions\/1598"}],"up":[{"embeddable":true,"href":"https:\/\/www.aesyacht.com\/en\/wp-json\/wp\/v2\/pages\/479"}],"wp:attachment":[{"href":"https:\/\/www.aesyacht.com\/en\/wp-json\/wp\/v2\/media?parent=1279"}],"curies":[{"name":"wp","href":"https:\/\/api.w.org\/{rel}","templated":true}]}}